{"id":3563,"date":"2014-12-15T20:21:51","date_gmt":"2014-12-16T01:21:51","guid":{"rendered":"http:\/\/yellowjacket.com\/uber-yellow-jacket\/"},"modified":"2015-04-29T23:38:47","modified_gmt":"2015-04-29T23:38:47","slug":"uber-yellow-jacket","status":"publish","type":"page","link":"https:\/\/yellowjacket.com\/de\/uber-yellow-jacket\/","title":{"rendered":"\u00dcber Yellow Jacket"},"content":{"rendered":"<h3>Wir setzen den Standard f\u00fcr HLK-Produkte <\/h3>\n<p>Vor \u00fcber 60 Jahren setzte sich Jack Ritchie f\u00fcr Ritchie Engineering das Ziel, den Standard f\u00fcr HLK-Schl\u00e4uche zu setzen. In den letzten 6 Jahrzehnten wurde die Marke YELLOW JACKET\u00ae nicht nur der Standard f\u00fcr Schl\u00e4uche, Werkzeuge, K\u00e4ltemessger\u00e4te, Verteilerrohre, HLK-Vakuumpumpen und K\u00e4ltemittel-R\u00fcckgewinnungsmaschinen. Sie wurde zur Legende&#8230;<\/p>\n<p>Wie haben wir das geschafft? Durch eine standhafte Bekenntnis zur Exzellenz. Es ist die einzig wichtigste Eigenschaft f\u00fcr die Langlebigkeit eines Unternehmens. W\u00e4hrend andere Firmen ausverkauft waren, mit dem Betrieb ins Ausland gingen oder an Qualit\u00e4t abnahmen, f\u00fchrt seit 60 Jahren das unerbitterliche Engagement von unseren Fachkr\u00e4ften zu marktf\u00fchrenden Produkten, Kundendienst und Innovationen, die die Arbeit des Auftragnehmers weltweit leichter gestaltet. Schlie\u00dfen Sie sich uns f\u00fcr die n\u00e4chsten 60 Jahre an und verpflichten Sie sich dazu, den Standard noch einmal zu \u00e4ndern.<\/p>\n<p><a href=\"http:\/\/staging.yellowjacket.com\/wp-content\/uploads\/2014\/12\/hero.jpg\"><img decoding=\"async\" class=\"alignnone size-full wp-image-184\" src=\"http:\/\/staging.yellowjacket.com\/wp-content\/uploads\/2014\/12\/hero.jpg\" alt=\"Yellow Jacket\" width=\"1384\" height=\"460\" loading=\"lazy\" \/><\/a><\/p>\n<h3>Unsere Mission<\/h3>\n<p>Ritchie Engineering Co., Inc. ist eine marktf\u00fchrende Liefergesellschaft von Werkzeugen und Ger\u00e4ten f\u00fcr Haustechnik sowie Kraftfahrzeugindustrien, die in den Vereinigten Staaten hergestellt werden.<\/p>\n<p>Wir verpflichten uns dazu, unseren Kunden innovative Qualit\u00e4tsprodukte, regelm\u00e4\u00dfige Schulung und Bildung sowie den besten Service zu bieten.<\/p>\n<p>Wir streben konstant nach Exzellenz, w\u00e4hrend wir durch Ehrlichkeit, Vertrauen und Respekt erfolgreiche Beziehungen entwickeln und pflegen.<\/p>\n","protected":false},"excerpt":{"rendered":"<p>Wir setzen den Standard f\u00fcr HLK-Produkte Vor \u00fcber 60 Jahren setzte sich Jack Ritchie f\u00fcr Ritchie Engineering das Ziel, den Standard f\u00fcr HLK-Schl\u00e4uche zu setzen. In den letzten 6 Jahrzehnten wurde die Marke YELLOW JACKET\u00ae nicht nur der Standard f\u00fcr Schl\u00e4uche, Werkzeuge, K\u00e4ltemessger\u00e4te, Verteilerrohre, HLK-Vakuumpumpen und K\u00e4ltemittel-R\u00fcckgewinnungsmaschinen. Sie wurde zur Legende&#8230; Wie haben wir das [&hellip;]<\/p>\n","protected":false},"author":1,"featured_media":0,"parent":0,"menu_order":0,"comment_status":"closed","ping_status":"closed","template":"","meta":{"_acf_changed":false,"_searchwp_excluded":"","footnotes":""},"class_list":["post-3563","page","type-page","status-publish","hentry"],"acf":[],"amp_enabled":true,"_links":{"self":[{"href":"https:\/\/yellowjacket.com\/de\/wp-json\/wp\/v2\/pages\/3563","targetHints":{"allow":["GET"]}}],"collection":[{"href":"https:\/\/yellowjacket.com\/de\/wp-json\/wp\/v2\/pages"}],"about":[{"href":"https:\/\/yellowjacket.com\/de\/wp-json\/wp\/v2\/types\/page"}],"author":[{"embeddable":true,"href":"https:\/\/yellowjacket.com\/de\/wp-json\/wp\/v2\/users\/1"}],"replies":[{"embeddable":true,"href":"https:\/\/yellowjacket.com\/de\/wp-json\/wp\/v2\/comments?post=3563"}],"version-history":[{"count":0,"href":"https:\/\/yellowjacket.com\/de\/wp-json\/wp\/v2\/pages\/3563\/revisions"}],"wp:attachment":[{"href":"https:\/\/yellowjacket.com\/de\/wp-json\/wp\/v2\/media?parent=3563"}],"curies":[{"name":"wp","href":"https:\/\/api.w.org\/{rel}","templated":true}]}}