{"id":2773,"date":"2014-12-19T20:50:33","date_gmt":"2014-12-20T01:50:33","guid":{"rendered":"http:\/\/staging.yellowjacket.com\/solicitar-un-catalogo\/"},"modified":"2014-12-19T20:50:33","modified_gmt":"2014-12-19T20:50:33","slug":"solicitar-un-catalogo","status":"publish","type":"page","link":"https:\/\/yellowjacket.com\/es\/solicitar-un-catalogo\/","title":{"rendered":"Solicitar un cat\u00e1logo"},"content":{"rendered":"<p>Complete el formulario siguiente para solicitar un cat\u00e1logo de productos de Yellow Jacket. Tambi\u00e9n puede descargar en cualquier momento una versi\u00f3n en formato PDF aqu\u00ed.<\/p>\n","protected":false},"excerpt":{"rendered":"<p>Complete el formulario siguiente para solicitar un cat\u00e1logo de productos de Yellow Jacket. Tambi\u00e9n puede descargar en cualquier momento una versi\u00f3n en formato PDF aqu\u00ed.<\/p>\n","protected":false},"author":2,"featured_media":0,"parent":0,"menu_order":0,"comment_status":"closed","ping_status":"open","template":"page-form.php","meta":{"_acf_changed":false,"_searchwp_excluded":"","footnotes":""},"class_list":["post-2773","page","type-page","status-publish","hentry"],"acf":[],"amp_enabled":false,"_links":{"self":[{"href":"https:\/\/yellowjacket.com\/es\/wp-json\/wp\/v2\/pages\/2773","targetHints":{"allow":["GET"]}}],"collection":[{"href":"https:\/\/yellowjacket.com\/es\/wp-json\/wp\/v2\/pages"}],"about":[{"href":"https:\/\/yellowjacket.com\/es\/wp-json\/wp\/v2\/types\/page"}],"author":[{"embeddable":true,"href":"https:\/\/yellowjacket.com\/es\/wp-json\/wp\/v2\/users\/2"}],"replies":[{"embeddable":true,"href":"https:\/\/yellowjacket.com\/es\/wp-json\/wp\/v2\/comments?post=2773"}],"version-history":[{"count":0,"href":"https:\/\/yellowjacket.com\/es\/wp-json\/wp\/v2\/pages\/2773\/revisions"}],"wp:attachment":[{"href":"https:\/\/yellowjacket.com\/es\/wp-json\/wp\/v2\/media?parent=2773"}],"curies":[{"name":"wp","href":"https:\/\/api.w.org\/{rel}","templated":true}]}}