{"id":2774,"date":"2015-01-27T22:41:41","date_gmt":"2015-01-28T03:41:41","guid":{"rendered":"http:\/\/staging.yellowjacket.com\/materiales-en-el-punto-de-venta\/"},"modified":"2015-03-16T19:39:48","modified_gmt":"2015-03-16T19:39:48","slug":"materiales-en-el-punto-de-venta","status":"publish","type":"page","link":"https:\/\/yellowjacket.com\/es\/materiales-en-el-punto-de-venta\/","title":{"rendered":"Materiales en el punto de venta"},"content":{"rendered":"<p>Los profesionales del mercado de los sistemas de HVAC\/R que comprenden el valor de las herramientas de calidad buscan los colores rojo, amarillo y azul que representan a YELLOW JACKET\u00ae. Saben que esos colores materializan la promesa de rendimiento confiable y servicio de \u00e9lite de una marca. Cuando profesionales de la industria lo visitan en busca de soluciones que vayan desde la evacuaci\u00f3n hasta la recuperaci\u00f3n, pueden divisar f\u00e1cilmente los colores que reconocen por la calidad que desean.<\/p>\n<p>Para guiar a sus clientes en la direcci\u00f3n correcta y obtener m\u00e1s resultados, descargue nuestro folleto de puntos de venta y solicite sus componentes de comercializaci\u00f3n en l\u00ednea.<\/p>\n","protected":false},"excerpt":{"rendered":"<p>Los profesionales del mercado de los sistemas de HVAC\/R que comprenden el valor de las herramientas de calidad buscan los colores rojo, amarillo y azul que representan a YELLOW JACKET\u00ae. Saben que esos colores materializan la promesa de rendimiento confiable y servicio de \u00e9lite de una marca. Cuando profesionales de la industria lo visitan en [&hellip;]<\/p>\n","protected":false},"author":1,"featured_media":0,"parent":0,"menu_order":0,"comment_status":"closed","ping_status":"open","template":"page-form.php","meta":{"_acf_changed":false,"_searchwp_excluded":"","footnotes":""},"class_list":["post-2774","page","type-page","status-publish","hentry"],"acf":[],"amp_enabled":false,"_links":{"self":[{"href":"https:\/\/yellowjacket.com\/es\/wp-json\/wp\/v2\/pages\/2774","targetHints":{"allow":["GET"]}}],"collection":[{"href":"https:\/\/yellowjacket.com\/es\/wp-json\/wp\/v2\/pages"}],"about":[{"href":"https:\/\/yellowjacket.com\/es\/wp-json\/wp\/v2\/types\/page"}],"author":[{"embeddable":true,"href":"https:\/\/yellowjacket.com\/es\/wp-json\/wp\/v2\/users\/1"}],"replies":[{"embeddable":true,"href":"https:\/\/yellowjacket.com\/es\/wp-json\/wp\/v2\/comments?post=2774"}],"version-history":[{"count":0,"href":"https:\/\/yellowjacket.com\/es\/wp-json\/wp\/v2\/pages\/2774\/revisions"}],"wp:attachment":[{"href":"https:\/\/yellowjacket.com\/es\/wp-json\/wp\/v2\/media?parent=2774"}],"curies":[{"name":"wp","href":"https:\/\/api.w.org\/{rel}","templated":true}]}}