{"id":3562,"date":"2014-12-15T20:21:51","date_gmt":"2014-12-16T01:21:51","guid":{"rendered":"http:\/\/yellowjacket.com\/acerca-de-yellow-jacket\/"},"modified":"2014-12-15T20:21:51","modified_gmt":"2014-12-15T20:21:51","slug":"acerca-de-yellow-jacket","status":"publish","type":"page","link":"https:\/\/yellowjacket.com\/es\/acerca-de-yellow-jacket\/","title":{"rendered":"Acerca de Yellow Jacket"},"content":{"rendered":"<h3>Definiendo el est\u00e1ndar para los productos de HVAC<\/h3>\n<p>Hace m\u00e1s de sesenta a\u00f1os, Jack Ritchie fij\u00f3 un objetivo para Ritchie Engineering: convertirse en el est\u00e1ndar por el que todas las dem\u00e1s mangueras para HVAC se medir\u00edan. A lo largo de las \u00faltimas seis d\u00e9cadas, la marca YELLOW JACKET\u00ae no solo se convirti\u00f3 en el est\u00e1ndar en mangueras, herramientas, indicadores para refrigeraci\u00f3n, m\u00faltiples, bombas de vac\u00edo para HVAC y m\u00e1quinas de recuperaci\u00f3n de refrigerante. Tambi\u00e9n se convirti\u00f3 en una leyenda&#8230;<\/p>\n<p>\u00bfC\u00f3mo lo hicimos? Gracias a un compromiso inquebrantable con la excelencia, el atributo m\u00e1s determinante para garantizar la longevidad de una empresa. Mientras que otras empresas fueron adquiridas, derivaron trabajo al extranjero o redujeron su calidad, el compromiso inagotable de nuestros miembros dio como fruto 60 a\u00f1os de productos y servicio de atenci\u00f3n al cliente superiores en su clase, y de innovaciones que hacen m\u00e1s sencilla la tarea de los contratistas en todo el mundo. \u00danase a nuestro compromiso por cambiar una vez m\u00e1s el est\u00e1ndar para los pr\u00f3ximos 60 a\u00f1os.<\/p>\n<p><a href=\"http:\/\/staging.yellowjacket.com\/wp-content\/uploads\/2014\/12\/hero.jpg\"><img decoding=\"async\" class=\"alignnone size-full wp-image-184\" src=\"http:\/\/staging.yellowjacket.com\/wp-content\/uploads\/2014\/12\/hero.jpg\" alt=\"Yellow Jacket\" width=\"1384\" height=\"460\" loading=\"lazy\" \/><\/a><\/p>\n<h3>Nuestro objetivo<\/h3>\n<p>Ritchie Engineering Company, Inc. es un proveedor l\u00edder mundial de herramientas y equipos para la industria de HVAC\/R y automotriz dise\u00f1ados y fabricados en EE. UU.<\/p>\n<p>Estamos comprometidos a brindar a nuestros clientes productos de calidad innovadores, capacitaci\u00f3n y formaci\u00f3n continuas, y un servicio superior.<\/p>\n<p>Nos esforzamos continuamente por alcanzar la excelencia y, al mismo tiempo, entablar y fortalecer relaciones exitosas a trav\u00e9s de la honestidad, de la confianza y del respeto.<\/p>\n","protected":false},"excerpt":{"rendered":"<p>Definiendo el est\u00e1ndar para los productos de HVAC Hace m\u00e1s de sesenta a\u00f1os, Jack Ritchie fij\u00f3 un objetivo para Ritchie Engineering: convertirse en el est\u00e1ndar por el que todas las dem\u00e1s mangueras para HVAC se medir\u00edan. A lo largo de las \u00faltimas seis d\u00e9cadas, la marca YELLOW JACKET\u00ae no solo se convirti\u00f3 en el est\u00e1ndar [&hellip;]<\/p>\n","protected":false},"author":1,"featured_media":0,"parent":0,"menu_order":0,"comment_status":"closed","ping_status":"closed","template":"","meta":{"_acf_changed":false,"_searchwp_excluded":"","footnotes":""},"class_list":["post-3562","page","type-page","status-publish","hentry"],"acf":[],"amp_enabled":true,"_links":{"self":[{"href":"https:\/\/yellowjacket.com\/es\/wp-json\/wp\/v2\/pages\/3562","targetHints":{"allow":["GET"]}}],"collection":[{"href":"https:\/\/yellowjacket.com\/es\/wp-json\/wp\/v2\/pages"}],"about":[{"href":"https:\/\/yellowjacket.com\/es\/wp-json\/wp\/v2\/types\/page"}],"author":[{"embeddable":true,"href":"https:\/\/yellowjacket.com\/es\/wp-json\/wp\/v2\/users\/1"}],"replies":[{"embeddable":true,"href":"https:\/\/yellowjacket.com\/es\/wp-json\/wp\/v2\/comments?post=3562"}],"version-history":[{"count":0,"href":"https:\/\/yellowjacket.com\/es\/wp-json\/wp\/v2\/pages\/3562\/revisions"}],"wp:attachment":[{"href":"https:\/\/yellowjacket.com\/es\/wp-json\/wp\/v2\/media?parent=3562"}],"curies":[{"name":"wp","href":"https:\/\/api.w.org\/{rel}","templated":true}]}}