{"id":2801,"date":"2014-12-19T20:50:33","date_gmt":"2014-12-20T01:50:33","guid":{"rendered":"http:\/\/staging.yellowjacket.com\/demande-de-catalogue\/"},"modified":"2015-03-16T20:14:29","modified_gmt":"2015-03-16T20:14:29","slug":"demande-de-catalogue","status":"publish","type":"page","link":"https:\/\/yellowjacket.com\/fr\/demande-de-catalogue\/","title":{"rendered":"Demande de catalogue"},"content":{"rendered":"<p>Remplissez le formulaire ci-dessous afin que nous puissions vous faire parvenir une version papier du catalogue des produits Yellow Jacket : Pour une version \u00e9lectronique, t\u00e9l\u00e9chargez ici la version PDF.<\/p>\n","protected":false},"excerpt":{"rendered":"<p>Remplissez le formulaire ci-dessous afin que nous puissions vous faire parvenir une version papier du catalogue des produits Yellow Jacket : Pour une version \u00e9lectronique, t\u00e9l\u00e9chargez ici la version PDF.<\/p>\n","protected":false},"author":2,"featured_media":0,"parent":0,"menu_order":0,"comment_status":"closed","ping_status":"open","template":"page-form.php","meta":{"_acf_changed":false,"_searchwp_excluded":"","footnotes":""},"class_list":["post-2801","page","type-page","status-publish","hentry"],"acf":[],"amp_enabled":false,"_links":{"self":[{"href":"https:\/\/yellowjacket.com\/fr\/wp-json\/wp\/v2\/pages\/2801","targetHints":{"allow":["GET"]}}],"collection":[{"href":"https:\/\/yellowjacket.com\/fr\/wp-json\/wp\/v2\/pages"}],"about":[{"href":"https:\/\/yellowjacket.com\/fr\/wp-json\/wp\/v2\/types\/page"}],"author":[{"embeddable":true,"href":"https:\/\/yellowjacket.com\/fr\/wp-json\/wp\/v2\/users\/2"}],"replies":[{"embeddable":true,"href":"https:\/\/yellowjacket.com\/fr\/wp-json\/wp\/v2\/comments?post=2801"}],"version-history":[{"count":0,"href":"https:\/\/yellowjacket.com\/fr\/wp-json\/wp\/v2\/pages\/2801\/revisions"}],"wp:attachment":[{"href":"https:\/\/yellowjacket.com\/fr\/wp-json\/wp\/v2\/media?parent=2801"}],"curies":[{"name":"wp","href":"https:\/\/api.w.org\/{rel}","templated":true}]}}