{"id":3087,"date":"2014-12-18T19:42:38","date_gmt":"2014-12-19T00:42:38","guid":{"rendered":"http:\/\/staging.yellowjacket.com\/ressources\/videos-de-formation\/"},"modified":"2015-03-16T20:15:29","modified_gmt":"2015-03-16T20:15:29","slug":"videos-de-formation","status":"publish","type":"page","link":"https:\/\/yellowjacket.com\/fr\/videos-de-formation\/","title":{"rendered":"Vid\u00e9os de formation"},"content":{"rendered":"<p class=\"lead\">D\u00e9couvrez comment mieux travailler et obtenir les meilleures performances de vos outils et accessoires YELLOW JACKET\u00ae gr\u00e2ce \u00e0 ces deux vid\u00e9os didactiques.<\/p>\n","protected":false},"excerpt":{"rendered":"<p>D\u00e9couvrez comment mieux travailler et obtenir les meilleures performances de vos outils et accessoires YELLOW JACKET\u00ae gr\u00e2ce \u00e0 ces deux vid\u00e9os didactiques.<\/p>\n","protected":false},"author":2,"featured_media":0,"parent":0,"menu_order":0,"comment_status":"closed","ping_status":"closed","template":"archive-videos.php","meta":{"_acf_changed":false,"_searchwp_excluded":"","footnotes":""},"class_list":["post-3087","page","type-page","status-publish","hentry"],"acf":[],"amp_enabled":false,"_links":{"self":[{"href":"https:\/\/yellowjacket.com\/fr\/wp-json\/wp\/v2\/pages\/3087","targetHints":{"allow":["GET"]}}],"collection":[{"href":"https:\/\/yellowjacket.com\/fr\/wp-json\/wp\/v2\/pages"}],"about":[{"href":"https:\/\/yellowjacket.com\/fr\/wp-json\/wp\/v2\/types\/page"}],"author":[{"embeddable":true,"href":"https:\/\/yellowjacket.com\/fr\/wp-json\/wp\/v2\/users\/2"}],"replies":[{"embeddable":true,"href":"https:\/\/yellowjacket.com\/fr\/wp-json\/wp\/v2\/comments?post=3087"}],"version-history":[{"count":0,"href":"https:\/\/yellowjacket.com\/fr\/wp-json\/wp\/v2\/pages\/3087\/revisions"}],"wp:attachment":[{"href":"https:\/\/yellowjacket.com\/fr\/wp-json\/wp\/v2\/media?parent=3087"}],"curies":[{"name":"wp","href":"https:\/\/api.w.org\/{rel}","templated":true}]}}